{"id":17,"date":"2025-11-15T10:36:08","date_gmt":"2025-11-15T10:36:08","guid":{"rendered":"https:\/\/birch-law.wdwc.dev\/?page_id=17"},"modified":"2026-04-20T19:42:56","modified_gmt":"2026-04-20T19:42:56","slug":"home","status":"publish","type":"page","link":"https:\/\/birch-law.wdwc.dev\/en\/","title":{"rendered":"Home"},"content":{"rendered":"<!-- hero -->\r\n    <div class=\"hero\">\r\n                    <img decoding=\"async\" src=\"https:\/\/birch-law.wdwc.dev\/wp-content\/uploads\/2026\/04\/Forsidebillede-1-1.jpg\" alt=\"\" class=\"hero-image active\">\r\n                    <img decoding=\"async\" src=\"https:\/\/birch-law.wdwc.dev\/wp-content\/uploads\/2026\/04\/Forsidebillede-2-1-scaled.jpg\" alt=\"\" class=\"hero-image\">\r\n                    <img decoding=\"async\" src=\"https:\/\/birch-law.wdwc.dev\/wp-content\/uploads\/2026\/04\/Forside-3-1.jpg\" alt=\"\" class=\"hero-image\">\r\n                    <img decoding=\"async\" src=\"https:\/\/birch-law.wdwc.dev\/wp-content\/uploads\/2026\/04\/Forside-4-1.jpg\" alt=\"\" class=\"hero-image\">\r\n                            <img decoding=\"async\" src=\"https:\/\/birch-law.wdwc.dev\/wp-content\/uploads\/2026\/04\/mobile-forsidebillede-1.png\" alt=\"\" class=\"mobile-hero-image active\">\r\n                    <img decoding=\"async\" src=\"https:\/\/birch-law.wdwc.dev\/wp-content\/uploads\/2026\/04\/Mobile-forsidebillede-2.png\" alt=\"BIRCH Advokater juridisk r\u00e5dgivning\" class=\"mobile-hero-image\">\r\n                    <img decoding=\"async\" src=\"https:\/\/birch-law.wdwc.dev\/wp-content\/uploads\/2026\/04\/mobile-forside-3.png\" alt=\"BIRCH Advokater dialog\" class=\"mobile-hero-image\">\r\n                    <img decoding=\"async\" src=\"https:\/\/birch-law.wdwc.dev\/wp-content\/uploads\/2026\/04\/mobile-forside-4.png\" alt=\"N\u00e6rv\u00e6r og r\u00e5dgivning\" class=\"mobile-hero-image\">\r\n                    \r\n        <div class=\"container-fluid h-full\">\r\n            <div class=\"hero-text grid grid-cols-12 h-full\">\r\n                <div class=\"title-block col-span-7\">\r\n                    <h1 class=\"title\">\r\n                        <div class=\"title\">\r\n                                                            <div class=\"title-line\"><span>Specialists in<\/span><\/div>\r\n                                                            <div class=\"title-line\"><span>litigation, arbitration<\/span><\/div>\r\n                                                            <div class=\"title-line\"><span>and dispute resolution<\/span><\/div>\r\n                                                    <\/div>\r\n                    <\/h1>\r\n                <\/div>\r\n                <div class=\"text-block col-span-5\">\r\n                    <div class=\"text-line\">\r\n                        <p class=\"text\">We are a dedicated litigation practice driven by experts with many years of experience in handling complex disputes, litigation, and arbitration. Our work is focused on businesses, public authorities, and professional actors who require strategic, commercially grounded, and results-oriented dispute resolution.<\/p>\r\n                    <\/div>\r\n                                        <a href=\"https:\/\/birch-law.wdwc.dev\/en\/team\/\" target=\"\" class=\"button\">\r\n                        Team                        <svg width=\"20\" height=\"20\" viewBox=\"0 0 20 20\" fill=\"none\" xmlns=\"http:\/\/www.w3.org\/2000\/svg\">\r\n                            <path d=\"M4.16406 10H15.1862\" stroke=\"#2B2B2B\" stroke-width=\"1.5\" stroke-linecap=\"square\" stroke-linejoin=\"round\"\/>\r\n                            <path d=\"M10 4.16406L15.8333 9.9974L10 15.8307\" stroke=\"#2B2B2B\" stroke-width=\"1.5\" stroke-linecap=\"square\"\/>\r\n                        <\/svg>                                    \r\n                    <\/a>\r\n                                    <\/div>\r\n            <\/div>\r\n        <\/div>\r\n        <script>\r\n            document.addEventListener(\"DOMContentLoaded\", function () {\r\n\r\n                function initHeroSlider(selector, interval = 5000) {\r\n                    const images = document.querySelectorAll(selector);\r\n                    if (!images.length) return;\r\n\r\n                    \/\/ If only one image \u2192 just show it and stop\r\n                    if (images.length === 1) {\r\n                        images[0].classList.add(\"active\");\r\n                        return;\r\n                    }\r\n\r\n                    let current = 0;\r\n\r\n                    \/\/ Initialize\r\n                    images.forEach((img, index) => {\r\n                        img.classList.remove(\"active\");\r\n                        if (index === 0) img.classList.add(\"active\");\r\n                    });\r\n\r\n                    function switchImage() {\r\n                        images[current].classList.remove(\"active\");\r\n                        current = (current + 1) % images.length;\r\n                        images[current].classList.add(\"active\");\r\n                    }\r\n\r\n                    setInterval(switchImage, interval);\r\n                }\r\n\r\n                initHeroSlider(\".hero-image\", 5000);\r\n                initHeroSlider(\".mobile-hero-image\", 5000);\r\n\r\n            });\r\n        <\/script>\r\n    <\/div>\r\n    <!-- end #hero -->\n\n<!-- section -->\r\n<section class=\"services\">\r\n    <div class=\"container-fluid\">\r\n        <div class=\"title-block grid grid-cols-12 load_animated\">\r\n            <div class=\"col-span-5 \">\r\n                <h6 class=\"subtitle \">PRACTICE AREAS<\/h6>\r\n                <h2 class=\"title \">We offer <span>expertise<\/span> <br>shaped by experience and professional depth<\/h2>\r\n            <\/div>\r\n        <\/div>\r\n        <div class=\"services-links grid grid-cols-12\">\r\n            <div class=\"col-span-4\"><\/div>\r\n            <div class=\"col-span-8\">\r\n                <div class=\"links-block load_box_anim\">\r\n                                                                                            <a href=\"https:\/\/birch-law.wdwc.dev\/en\/services#litigation\" class=\"link load_b_animated\" target=\"\">\r\n                        <div class=\"title-content\">\r\n                            <div class=\"number\">01<\/div>\r\n                            <div class=\"title\">Litigation<\/div>\r\n                        <\/div>\r\n                        <div class=\"icon\">\r\n                            <svg width=\"20\" height=\"20\" viewBox=\"0 0 20 20\" fill=\"none\" xmlns=\"http:\/\/www.w3.org\/2000\/svg\">\r\n                                <path d=\"M5.875 14.125L13.6688 6.33117\" stroke=\"#2B2B2B\" stroke-width=\"1.5\" stroke-linecap=\"square\" stroke-linejoin=\"round\"\/>\r\n                                <path d=\"M5.875 5.875H14.1246V14.1246\" stroke=\"#2B2B2B\" stroke-width=\"1.5\" stroke-linecap=\"square\"\/>\r\n                            <\/svg>                                            \r\n                        <\/div>\r\n                    <\/a>\r\n                                                                        <a href=\"https:\/\/birch-law.wdwc.dev\/en\/services#arbitration\" class=\"link load_b_animated\" target=\"\">\r\n                        <div class=\"title-content\">\r\n                            <div class=\"number\">02<\/div>\r\n                            <div class=\"title\">Arbitration cases<\/div>\r\n                        <\/div>\r\n                        <div class=\"icon\">\r\n                            <svg width=\"20\" height=\"20\" viewBox=\"0 0 20 20\" fill=\"none\" xmlns=\"http:\/\/www.w3.org\/2000\/svg\">\r\n                                <path d=\"M5.875 14.125L13.6688 6.33117\" stroke=\"#2B2B2B\" stroke-width=\"1.5\" stroke-linecap=\"square\" stroke-linejoin=\"round\"\/>\r\n                                <path d=\"M5.875 5.875H14.1246V14.1246\" stroke=\"#2B2B2B\" stroke-width=\"1.5\" stroke-linecap=\"square\"\/>\r\n                            <\/svg>                                            \r\n                        <\/div>\r\n                    <\/a>\r\n                                                                        <a href=\"https:\/\/birch-law.wdwc.dev\/en\/services#compensation-law\" class=\"link load_b_animated\" target=\"\">\r\n                        <div class=\"title-content\">\r\n                            <div class=\"number\">03<\/div>\r\n                            <div class=\"title\">Compensation law<\/div>\r\n                        <\/div>\r\n                        <div class=\"icon\">\r\n                            <svg width=\"20\" height=\"20\" viewBox=\"0 0 20 20\" fill=\"none\" xmlns=\"http:\/\/www.w3.org\/2000\/svg\">\r\n                                <path d=\"M5.875 14.125L13.6688 6.33117\" stroke=\"#2B2B2B\" stroke-width=\"1.5\" stroke-linecap=\"square\" stroke-linejoin=\"round\"\/>\r\n                                <path d=\"M5.875 5.875H14.1246V14.1246\" stroke=\"#2B2B2B\" stroke-width=\"1.5\" stroke-linecap=\"square\"\/>\r\n                            <\/svg>                                            \r\n                        <\/div>\r\n                    <\/a>\r\n                                                                        <a href=\"https:\/\/birch-law.wdwc.dev\/en\/services#insurance-law\" class=\"link load_b_animated\" target=\"\">\r\n                        <div class=\"title-content\">\r\n                            <div class=\"number\">04<\/div>\r\n                            <div class=\"title\">Insurance law<\/div>\r\n                        <\/div>\r\n                        <div class=\"icon\">\r\n                            <svg width=\"20\" height=\"20\" viewBox=\"0 0 20 20\" fill=\"none\" xmlns=\"http:\/\/www.w3.org\/2000\/svg\">\r\n                                <path d=\"M5.875 14.125L13.6688 6.33117\" stroke=\"#2B2B2B\" stroke-width=\"1.5\" stroke-linecap=\"square\" stroke-linejoin=\"round\"\/>\r\n                                <path d=\"M5.875 5.875H14.1246V14.1246\" stroke=\"#2B2B2B\" stroke-width=\"1.5\" stroke-linecap=\"square\"\/>\r\n                            <\/svg>                                            \r\n                        <\/div>\r\n                    <\/a>\r\n                                                                        <a href=\"https:\/\/birch-law.wdwc.dev\/en\/services#construction-law\" class=\"link load_b_animated\" target=\"\">\r\n                        <div class=\"title-content\">\r\n                            <div class=\"number\">05<\/div>\r\n                            <div class=\"title\">Construction law<\/div>\r\n                        <\/div>\r\n                        <div class=\"icon\">\r\n                            <svg width=\"20\" height=\"20\" viewBox=\"0 0 20 20\" fill=\"none\" xmlns=\"http:\/\/www.w3.org\/2000\/svg\">\r\n                                <path d=\"M5.875 14.125L13.6688 6.33117\" stroke=\"#2B2B2B\" stroke-width=\"1.5\" stroke-linecap=\"square\" stroke-linejoin=\"round\"\/>\r\n                                <path d=\"M5.875 5.875H14.1246V14.1246\" stroke=\"#2B2B2B\" stroke-width=\"1.5\" stroke-linecap=\"square\"\/>\r\n                            <\/svg>                                            \r\n                        <\/div>\r\n                    <\/a>\r\n                                                                        <a href=\"https:\/\/birch-law.wdwc.dev\/en\/services#hr-and-compliance\" class=\"link load_b_animated\" target=\"\">\r\n                        <div class=\"title-content\">\r\n                            <div class=\"number\">06<\/div>\r\n                            <div class=\"title\">HR and Compliance<\/div>\r\n                        <\/div>\r\n                        <div class=\"icon\">\r\n                            <svg width=\"20\" height=\"20\" viewBox=\"0 0 20 20\" fill=\"none\" xmlns=\"http:\/\/www.w3.org\/2000\/svg\">\r\n                                <path d=\"M5.875 14.125L13.6688 6.33117\" stroke=\"#2B2B2B\" stroke-width=\"1.5\" stroke-linecap=\"square\" stroke-linejoin=\"round\"\/>\r\n                                <path d=\"M5.875 5.875H14.1246V14.1246\" stroke=\"#2B2B2B\" stroke-width=\"1.5\" stroke-linecap=\"square\"\/>\r\n                            <\/svg>                                            \r\n                        <\/div>\r\n                    <\/a>\r\n                                                            <\/div>\r\n            <\/div>\r\n        <\/div>\r\n    <\/div>\r\n<\/section>\r\n<!-- end #section -->\n\n<!-- section -->\r\n<section class=\"cases\" style=\"display:none;\">\r\n    <div class=\"container-fluid\">\r\n        <div class=\"title-block grid grid-cols-12 load_animated\">\r\n            <div class=\"col-span-6\">\r\n                <h6 class=\"subtitle\">STORIES<\/h6>\r\n                <h2 class=\"title\">More than <span>advice<\/span> <br>\u2013 from case to result<\/h2>\r\n            <\/div>\r\n        <\/div>\r\n                        <div class=\"cases-content load_box_anim\">\r\n                            <img decoding=\"async\" src=\"https:\/\/birch-law.wdwc.dev\/wp-content\/uploads\/2025\/11\/cases-scaled.webp\" alt=\"\" class=\"cases-image load_b_animated\">\r\n                        <div class=\"cases-box load_b_animated\">\r\n                <div class=\"title-content \">\r\n                    <h6 class=\"subtitle\">REPRESENTING DANISH FINANCE CORP<\/h6>\r\n                    <h3 class=\"title\">Representing the interests of bank 5 MLN compensation<\/h3>\r\n                <\/div>\r\n                <div class=\"buttons \">\r\n                    <a href=\"https:\/\/birch-law.wdwc.dev\/en\/case\/representing-the-interests-of-bank-5-mln-compensation\/\" class=\"button btn-black\">Read more<\/a>\r\n                    <a href=\"https:\/\/birch-law.wdwc.dev\/en\/cases\/\" class=\"button btn-outline\">\r\n                        View all cases                        <svg width=\"20\" height=\"20\" viewBox=\"0 0 20 20\" fill=\"none\" xmlns=\"http:\/\/www.w3.org\/2000\/svg\">\r\n                            <path d=\"M4.16406 10H15.1862\" stroke=\"#2B2B2B\" stroke-width=\"1.5\" stroke-linecap=\"square\" stroke-linejoin=\"round\"\/>\r\n                            <path d=\"M10 4.16406L15.8333 9.9974L10 15.8307\" stroke=\"#2B2B2B\" stroke-width=\"1.5\" stroke-linecap=\"square\"\/>\r\n                        <\/svg>                                        \r\n                    <\/a>\r\n                <\/div>\r\n            <\/div>\r\n        <\/div>\r\n            <\/div>\r\n<\/section>\r\n<!-- end #section -->\r\n","protected":false},"excerpt":{"rendered":"","protected":false},"author":1,"featured_media":0,"parent":0,"menu_order":0,"comment_status":"closed","ping_status":"closed","template":"","meta":{"_acf_changed":false,"footnotes":""},"class_list":["post-17","page","type-page","status-publish","hentry"],"acf":[],"_links":{"self":[{"href":"https:\/\/birch-law.wdwc.dev\/en\/wp-json\/wp\/v2\/pages\/17","targetHints":{"allow":["GET"]}}],"collection":[{"href":"https:\/\/birch-law.wdwc.dev\/en\/wp-json\/wp\/v2\/pages"}],"about":[{"href":"https:\/\/birch-law.wdwc.dev\/en\/wp-json\/wp\/v2\/types\/page"}],"author":[{"embeddable":true,"href":"https:\/\/birch-law.wdwc.dev\/en\/wp-json\/wp\/v2\/users\/1"}],"replies":[{"embeddable":true,"href":"https:\/\/birch-law.wdwc.dev\/en\/wp-json\/wp\/v2\/comments?post=17"}],"version-history":[{"count":36,"href":"https:\/\/birch-law.wdwc.dev\/en\/wp-json\/wp\/v2\/pages\/17\/revisions"}],"predecessor-version":[{"id":1123,"href":"https:\/\/birch-law.wdwc.dev\/en\/wp-json\/wp\/v2\/pages\/17\/revisions\/1123"}],"wp:attachment":[{"href":"https:\/\/birch-law.wdwc.dev\/en\/wp-json\/wp\/v2\/media?parent=17"}],"curies":[{"name":"wp","href":"https:\/\/api.w.org\/{rel}","templated":true}]}}